{"id":282,"date":"2023-10-19T03:36:13","date_gmt":"2023-10-19T03:36:13","guid":{"rendered":"https:\/\/poziksinplea.com\/wordpress\/?page_id=282"},"modified":"2023-11-17T16:30:50","modified_gmt":"2023-11-17T16:30:50","slug":"conferencias-talleres","status":"publish","type":"page","link":"https:\/\/poziksinplea.com\/index.php\/conferencias-talleres\/","title":{"rendered":"Talleres &#038; conferencias"},"content":{"rendered":"\t\t<div data-elementor-type=\"wp-page\" data-elementor-id=\"282\" class=\"elementor elementor-282\">\n\t\t\t\t<div class=\"elementor-element elementor-element-5c4d334 e-flex e-con-boxed e-con e-parent\" data-id=\"5c4d334\" data-element_type=\"container\">\n\t\t\t\t\t<div class=\"e-con-inner\">\n\t\t<div class=\"elementor-element elementor-element-20eedb7 e-con-full e-flex e-con e-child\" data-id=\"20eedb7\" data-element_type=\"container\">\n\t\t\t\t<div class=\"elementor-element elementor-element-b67617c elementor-widget__width-initial elementor-widget elementor-widget-text-editor\" data-id=\"b67617c\" data-element_type=\"widget\" data-widget_type=\"text-editor.default\">\n\t\t\t\t<div class=\"elementor-widget-container\">\n\t\t\t\t\t\t\t\t\t<h1>Corporate conferences<\/h1><p>Las conferencias y talleres son una gran herramienta con gran contenido y conocimientos que sirven para formar criterio y apoyar de manera conceptual a la formaci\u00f3n de mejores empresarios y directivos.<\/p><p>Son una gran fuente de inspiraci\u00f3n personal y profesional para poder crear un acervo de conocimientos que apoyen a las organizaciones a alimentar sus conocimientos y aportar al c\u00famulo de informaci\u00f3n requerida para construir mejores personas dentro de las organizaciones.<\/p><p>En Pozik &amp; Sinplea sabemos la importancia para una organizaci\u00f3n de contar con Directivos preparados y capacitados para guiar a la organizaci\u00f3n hacia el \u00e9xito. Por ello, ofrecemos conferencias y talleres, personalizados a tus necesidades, en los siguientes temas:<\/p>\t\t\t\t\t\t\t\t<\/div>\n\t\t\t\t<\/div>\n\t\t\t\t<\/div>\n\t\t<div class=\"elementor-element elementor-element-55b65e0 e-con-full e-flex e-con e-child\" data-id=\"55b65e0\" data-element_type=\"container\" data-settings=\"{&quot;background_background&quot;:&quot;slideshow&quot;,&quot;background_slideshow_gallery&quot;:[],&quot;background_slideshow_loop&quot;:&quot;yes&quot;,&quot;background_slideshow_slide_duration&quot;:5000,&quot;background_slideshow_slide_transition&quot;:&quot;fade&quot;,&quot;background_slideshow_transition_duration&quot;:500}\">\n\t\t<div class=\"elementor-element elementor-element-935ebac e-flex e-con-boxed e-con e-child\" data-id=\"935ebac\" data-element_type=\"container\">\n\t\t\t\t\t<div class=\"e-con-inner\">\n\t\t\t\t<div class=\"elementor-element elementor-element-4081693 elementor-widget elementor-widget-image\" data-id=\"4081693\" data-element_type=\"widget\" data-widget_type=\"image.default\">\n\t\t\t\t<div class=\"elementor-widget-container\">\n\t\t\t\t\t\t\t\t\t\t\t\t\t\t\t<img fetchpriority=\"high\" decoding=\"async\" width=\"600\" height=\"500\" src=\"https:\/\/poziksinplea.com\/wp-content\/uploads\/2023\/10\/conferencias.png\" class=\"attachment-large size-large wp-image-701\" alt=\"\" srcset=\"https:\/\/poziksinplea.com\/wp-content\/uploads\/2023\/10\/conferencias.png 600w, https:\/\/poziksinplea.com\/wp-content\/uploads\/2023\/10\/conferencias-300x250.png 300w, https:\/\/poziksinplea.com\/wp-content\/uploads\/2023\/10\/conferencias-175x146.png 175w, https:\/\/poziksinplea.com\/wp-content\/uploads\/2023\/10\/conferencias-50x42.png 50w, https:\/\/poziksinplea.com\/wp-content\/uploads\/2023\/10\/conferencias-90x75.png 90w\" sizes=\"(max-width: 600px) 100vw, 600px\" \/>\t\t\t\t\t\t\t\t\t\t\t\t\t\t\t<\/div>\n\t\t\t\t<\/div>\n\t\t\t\t\t<\/div>\n\t\t\t\t<\/div>\n\t\t\t\t<\/div>\n\t\t\t\t\t<\/div>\n\t\t\t\t<\/div>\n\t\t<div class=\"elementor-element elementor-element-3fcd263 e-flex e-con-boxed e-con e-parent\" data-id=\"3fcd263\" data-element_type=\"container\" data-settings=\"{&quot;background_background&quot;:&quot;classic&quot;}\">\n\t\t\t\t\t<div class=\"e-con-inner\">\n\t\t<div class=\"elementor-element elementor-element-a756d8f e-con-full e-flex e-con e-child\" data-id=\"a756d8f\" data-element_type=\"container\">\n\t\t\t\t<div class=\"elementor-element elementor-element-51a97f6 elementor-widget elementor-widget-image\" data-id=\"51a97f6\" data-element_type=\"widget\" data-widget_type=\"image.default\">\n\t\t\t\t<div class=\"elementor-widget-container\">\n\t\t\t\t\t\t\t\t\t\t\t\t\t\t\t<img decoding=\"async\" width=\"626\" height=\"626\" src=\"https:\/\/poziksinplea.com\/wp-content\/uploads\/2023\/10\/mockup-pozic-17.png\" class=\"attachment-large size-large wp-image-702\" alt=\"\" srcset=\"https:\/\/poziksinplea.com\/wp-content\/uploads\/2023\/10\/mockup-pozic-17.png 626w, https:\/\/poziksinplea.com\/wp-content\/uploads\/2023\/10\/mockup-pozic-17-300x300.png 300w, https:\/\/poziksinplea.com\/wp-content\/uploads\/2023\/10\/mockup-pozic-17-150x150.png 150w, https:\/\/poziksinplea.com\/wp-content\/uploads\/2023\/10\/mockup-pozic-17-146x146.png 146w, https:\/\/poziksinplea.com\/wp-content\/uploads\/2023\/10\/mockup-pozic-17-50x50.png 50w, https:\/\/poziksinplea.com\/wp-content\/uploads\/2023\/10\/mockup-pozic-17-75x75.png 75w, https:\/\/poziksinplea.com\/wp-content\/uploads\/2023\/10\/mockup-pozic-17-85x85.png 85w, https:\/\/poziksinplea.com\/wp-content\/uploads\/2023\/10\/mockup-pozic-17-80x80.png 80w\" sizes=\"(max-width: 626px) 100vw, 626px\" \/>\t\t\t\t\t\t\t\t\t\t\t\t\t\t\t<\/div>\n\t\t\t\t<\/div>\n\t\t\t\t<div class=\"elementor-element elementor-element-18aaaef elementor-widget elementor-widget-text-editor\" data-id=\"18aaaef\" data-element_type=\"widget\" data-widget_type=\"text-editor.default\">\n\t\t\t\t<div class=\"elementor-widget-container\">\n\t\t\t\t\t\t\t\t\t<p><span style=\"color: #ffffff;\">Alta direcci\u00f3n<\/span><\/p>\t\t\t\t\t\t\t\t<\/div>\n\t\t\t\t<\/div>\n\t\t\t\t<\/div>\n\t\t<div class=\"elementor-element elementor-element-5d90f64 e-con-full e-flex e-con e-child\" data-id=\"5d90f64\" data-element_type=\"container\">\n\t\t\t\t<div class=\"elementor-element elementor-element-8828db3 elementor-widget elementor-widget-image\" data-id=\"8828db3\" data-element_type=\"widget\" data-widget_type=\"image.default\">\n\t\t\t\t<div class=\"elementor-widget-container\">\n\t\t\t\t\t\t\t\t\t\t\t\t\t\t\t<img decoding=\"async\" width=\"626\" height=\"626\" src=\"https:\/\/poziksinplea.com\/wp-content\/uploads\/2023\/10\/mockup-pozic-18.png\" class=\"attachment-large size-large wp-image-703\" alt=\"\" srcset=\"https:\/\/poziksinplea.com\/wp-content\/uploads\/2023\/10\/mockup-pozic-18.png 626w, https:\/\/poziksinplea.com\/wp-content\/uploads\/2023\/10\/mockup-pozic-18-300x300.png 300w, https:\/\/poziksinplea.com\/wp-content\/uploads\/2023\/10\/mockup-pozic-18-150x150.png 150w, https:\/\/poziksinplea.com\/wp-content\/uploads\/2023\/10\/mockup-pozic-18-146x146.png 146w, https:\/\/poziksinplea.com\/wp-content\/uploads\/2023\/10\/mockup-pozic-18-50x50.png 50w, https:\/\/poziksinplea.com\/wp-content\/uploads\/2023\/10\/mockup-pozic-18-75x75.png 75w, https:\/\/poziksinplea.com\/wp-content\/uploads\/2023\/10\/mockup-pozic-18-85x85.png 85w, https:\/\/poziksinplea.com\/wp-content\/uploads\/2023\/10\/mockup-pozic-18-80x80.png 80w\" sizes=\"(max-width: 626px) 100vw, 626px\" \/>\t\t\t\t\t\t\t\t\t\t\t\t\t\t\t<\/div>\n\t\t\t\t<\/div>\n\t\t\t\t<div class=\"elementor-element elementor-element-0c4c6db elementor-widget elementor-widget-text-editor\" data-id=\"0c4c6db\" data-element_type=\"widget\" data-widget_type=\"text-editor.default\">\n\t\t\t\t<div class=\"elementor-widget-container\">\n\t\t\t\t\t\t\t\t\t<p><span style=\"color: #ffffff;\">Toma de decisiones<\/span><\/p>\t\t\t\t\t\t\t\t<\/div>\n\t\t\t\t<\/div>\n\t\t\t\t<\/div>\n\t\t<div class=\"elementor-element elementor-element-6b0dcc5 e-con-full e-flex e-con e-child\" data-id=\"6b0dcc5\" data-element_type=\"container\">\n\t\t\t\t<div class=\"elementor-element elementor-element-28f43f3 elementor-widget elementor-widget-image\" data-id=\"28f43f3\" data-element_type=\"widget\" data-widget_type=\"image.default\">\n\t\t\t\t<div class=\"elementor-widget-container\">\n\t\t\t\t\t\t\t\t\t\t\t\t\t\t\t<img loading=\"lazy\" decoding=\"async\" width=\"626\" height=\"626\" src=\"https:\/\/poziksinplea.com\/wp-content\/uploads\/2023\/10\/mockup-pozic-20.png\" class=\"attachment-large size-large wp-image-705\" alt=\"\" srcset=\"https:\/\/poziksinplea.com\/wp-content\/uploads\/2023\/10\/mockup-pozic-20.png 626w, https:\/\/poziksinplea.com\/wp-content\/uploads\/2023\/10\/mockup-pozic-20-300x300.png 300w, https:\/\/poziksinplea.com\/wp-content\/uploads\/2023\/10\/mockup-pozic-20-150x150.png 150w, https:\/\/poziksinplea.com\/wp-content\/uploads\/2023\/10\/mockup-pozic-20-146x146.png 146w, https:\/\/poziksinplea.com\/wp-content\/uploads\/2023\/10\/mockup-pozic-20-50x50.png 50w, https:\/\/poziksinplea.com\/wp-content\/uploads\/2023\/10\/mockup-pozic-20-75x75.png 75w, https:\/\/poziksinplea.com\/wp-content\/uploads\/2023\/10\/mockup-pozic-20-85x85.png 85w, https:\/\/poziksinplea.com\/wp-content\/uploads\/2023\/10\/mockup-pozic-20-80x80.png 80w\" sizes=\"(max-width: 626px) 100vw, 626px\" \/>\t\t\t\t\t\t\t\t\t\t\t\t\t\t\t<\/div>\n\t\t\t\t<\/div>\n\t\t\t\t<div class=\"elementor-element elementor-element-3211f40 elementor-widget elementor-widget-text-editor\" data-id=\"3211f40\" data-element_type=\"widget\" data-widget_type=\"text-editor.default\">\n\t\t\t\t<div class=\"elementor-widget-container\">\n\t\t\t\t\t\t\t\t\t<p><span style=\"color: #ffffff;\">Cultura Organizacional<\/span><\/p>\t\t\t\t\t\t\t\t<\/div>\n\t\t\t\t<\/div>\n\t\t\t\t<\/div>\n\t\t<div class=\"elementor-element elementor-element-ca7eba7 e-con-full e-flex e-con e-child\" data-id=\"ca7eba7\" data-element_type=\"container\">\n\t\t\t\t<div class=\"elementor-element elementor-element-8defbad elementor-widget elementor-widget-image\" data-id=\"8defbad\" data-element_type=\"widget\" data-widget_type=\"image.default\">\n\t\t\t\t<div class=\"elementor-widget-container\">\n\t\t\t\t\t\t\t\t\t\t\t\t\t\t\t<img loading=\"lazy\" decoding=\"async\" width=\"626\" height=\"626\" src=\"https:\/\/poziksinplea.com\/wp-content\/uploads\/2023\/10\/mockup-pozic-19.png\" class=\"attachment-large size-large wp-image-704\" alt=\"\" srcset=\"https:\/\/poziksinplea.com\/wp-content\/uploads\/2023\/10\/mockup-pozic-19.png 626w, https:\/\/poziksinplea.com\/wp-content\/uploads\/2023\/10\/mockup-pozic-19-300x300.png 300w, https:\/\/poziksinplea.com\/wp-content\/uploads\/2023\/10\/mockup-pozic-19-150x150.png 150w, https:\/\/poziksinplea.com\/wp-content\/uploads\/2023\/10\/mockup-pozic-19-146x146.png 146w, https:\/\/poziksinplea.com\/wp-content\/uploads\/2023\/10\/mockup-pozic-19-50x50.png 50w, https:\/\/poziksinplea.com\/wp-content\/uploads\/2023\/10\/mockup-pozic-19-75x75.png 75w, https:\/\/poziksinplea.com\/wp-content\/uploads\/2023\/10\/mockup-pozic-19-85x85.png 85w, https:\/\/poziksinplea.com\/wp-content\/uploads\/2023\/10\/mockup-pozic-19-80x80.png 80w\" sizes=\"(max-width: 626px) 100vw, 626px\" \/>\t\t\t\t\t\t\t\t\t\t\t\t\t\t\t<\/div>\n\t\t\t\t<\/div>\n\t\t\t\t<div class=\"elementor-element elementor-element-aadbf9d elementor-widget elementor-widget-text-editor\" data-id=\"aadbf9d\" data-element_type=\"widget\" data-widget_type=\"text-editor.default\">\n\t\t\t\t<div class=\"elementor-widget-container\">\n\t\t\t\t\t\t\t\t\t<p><span style=\"color: #ffffff;\">Formaci\u00f3n de equipos directivos<\/span><\/p>\t\t\t\t\t\t\t\t<\/div>\n\t\t\t\t<\/div>\n\t\t\t\t<\/div>\n\t\t\t\t\t<\/div>\n\t\t\t\t<\/div>\n\t\t<div class=\"elementor-element elementor-element-fa4b2ae e-flex e-con-boxed e-con e-parent\" data-id=\"fa4b2ae\" data-element_type=\"container\">\n\t\t\t\t\t<div class=\"e-con-inner\">\n\t\t<div class=\"elementor-element elementor-element-cd71c2c e-con-full e-flex e-con e-child\" data-id=\"cd71c2c\" data-element_type=\"container\">\n\t\t\t\t<div class=\"elementor-element elementor-element-646abe3 elementor-widget elementor-widget-image\" data-id=\"646abe3\" data-element_type=\"widget\" data-widget_type=\"image.default\">\n\t\t\t\t<div class=\"elementor-widget-container\">\n\t\t\t\t\t\t\t\t\t\t\t\t\t\t\t<img loading=\"lazy\" decoding=\"async\" width=\"300\" height=\"300\" src=\"https:\/\/poziksinplea.com\/wp-content\/uploads\/2023\/10\/fabian-300x300.png\" class=\"attachment-medium size-medium wp-image-710\" alt=\"\" srcset=\"https:\/\/poziksinplea.com\/wp-content\/uploads\/2023\/10\/fabian-300x300.png 300w, https:\/\/poziksinplea.com\/wp-content\/uploads\/2023\/10\/fabian-150x150.png 150w, https:\/\/poziksinplea.com\/wp-content\/uploads\/2023\/10\/fabian-146x146.png 146w, https:\/\/poziksinplea.com\/wp-content\/uploads\/2023\/10\/fabian-50x50.png 50w, https:\/\/poziksinplea.com\/wp-content\/uploads\/2023\/10\/fabian-75x75.png 75w, https:\/\/poziksinplea.com\/wp-content\/uploads\/2023\/10\/fabian-85x85.png 85w, https:\/\/poziksinplea.com\/wp-content\/uploads\/2023\/10\/fabian-80x80.png 80w, https:\/\/poziksinplea.com\/wp-content\/uploads\/2023\/10\/fabian.png 698w\" sizes=\"(max-width: 300px) 100vw, 300px\" \/>\t\t\t\t\t\t\t\t\t\t\t\t\t\t\t<\/div>\n\t\t\t\t<\/div>\n\t\t\t\t<\/div>\n\t\t<div class=\"elementor-element elementor-element-7bcb4e9 e-con-full e-flex e-con e-child\" data-id=\"7bcb4e9\" data-element_type=\"container\">\n\t\t\t\t<div class=\"elementor-element elementor-element-9dae686 elementor-align-left elementor-mobile-align-center elementor-widget-mobile__width-initial elementor-widget elementor-widget-button\" data-id=\"9dae686\" data-element_type=\"widget\" data-widget_type=\"button.default\">\n\t\t\t\t<div class=\"elementor-widget-container\">\n\t\t\t\t\t\t\t\t\t<div class=\"elementor-button-wrapper\">\n\t\t\t\t\t<a class=\"elementor-button elementor-button-link elementor-size-sm\" href=\"https:\/\/poziksinplea.com\/index.php\/fabian-uribarren\/\">\n\t\t\t\t\t\t<span class=\"elementor-button-content-wrapper\">\n\t\t\t\t\t\t\t\t\t<span class=\"elementor-button-text\">Conoce a Fabi\u00e1n Uribarren<\/span>\n\t\t\t\t\t<\/span>\n\t\t\t\t\t<\/a>\n\t\t\t\t<\/div>\n\t\t\t\t\t\t\t\t<\/div>\n\t\t\t\t<\/div>\n\t\t\t\t<\/div>\n\t\t\t\t\t<\/div>\n\t\t\t\t<\/div>\n\t\t<div class=\"elementor-element elementor-element-66d1dfdf e-flex e-con-boxed e-con e-parent\" data-id=\"66d1dfdf\" data-element_type=\"container\" data-settings=\"{&quot;background_background&quot;:&quot;classic&quot;}\">\n\t\t\t\t\t<div class=\"e-con-inner\">\n\t\t<div class=\"elementor-element elementor-element-12dac3fd e-con-full e-flex e-con e-child\" data-id=\"12dac3fd\" data-element_type=\"container\">\n\t\t\t\t<div class=\"elementor-element elementor-element-7411fb2f elementor-widget__width-initial elementor-widget elementor-widget-heading\" data-id=\"7411fb2f\" data-element_type=\"widget\" data-widget_type=\"heading.default\">\n\t\t\t\t<div class=\"elementor-widget-container\">\n\t\t\t\t\t<h2 class=\"elementor-heading-title elementor-size-default\">Agenda tu taller o conferencia personalizada HOY.<\/h2>\t\t\t\t<\/div>\n\t\t\t\t<\/div>\n\t\t\t\t<\/div>\n\t\t<div class=\"elementor-element elementor-element-604a0132 e-con-full e-flex e-con e-child\" data-id=\"604a0132\" data-element_type=\"container\">\n\t\t\t\t<div class=\"elementor-element elementor-element-217ec862 elementor-align-left elementor-mobile-align-center elementor-widget elementor-widget-button\" data-id=\"217ec862\" data-element_type=\"widget\" data-widget_type=\"button.default\">\n\t\t\t\t<div class=\"elementor-widget-container\">\n\t\t\t\t\t\t\t\t\t<div class=\"elementor-button-wrapper\">\n\t\t\t\t\t<a class=\"elementor-button elementor-button-link elementor-size-sm\" href=\"https:\/\/poziksinplea.com\/index.php\/contact\/\">\n\t\t\t\t\t\t<span class=\"elementor-button-content-wrapper\">\n\t\t\t\t\t\t\t\t\t<span class=\"elementor-button-text\">Aagenda tu cita<\/span>\n\t\t\t\t\t<\/span>\n\t\t\t\t\t<\/a>\n\t\t\t\t<\/div>\n\t\t\t\t\t\t\t\t<\/div>\n\t\t\t\t<\/div>\n\t\t\t\t<\/div>\n\t\t\t\t\t<\/div>\n\t\t\t\t<\/div>\n\t\t\t\t<\/div>\n\t\t","protected":false},"excerpt":{"rendered":"<p>Corporate conferences Las conferencias y talleres son una gran herramienta con gran contenido y conocimientos que sirven para formar criterio y apoyar de manera conceptual a<span class=\"excerpt-hellip\"> [\u2026]<\/span><\/p>\n","protected":false},"author":1,"featured_media":0,"parent":0,"menu_order":0,"comment_status":"closed","ping_status":"closed","template":"elementor_header_footer","meta":{"footnotes":""},"class_list":["post-282","page","type-page","status-publish","hentry"],"_links":{"self":[{"href":"https:\/\/poziksinplea.com\/index.php\/wp-json\/wp\/v2\/pages\/282","targetHints":{"allow":["GET"]}}],"collection":[{"href":"https:\/\/poziksinplea.com\/index.php\/wp-json\/wp\/v2\/pages"}],"about":[{"href":"https:\/\/poziksinplea.com\/index.php\/wp-json\/wp\/v2\/types\/page"}],"author":[{"embeddable":true,"href":"https:\/\/poziksinplea.com\/index.php\/wp-json\/wp\/v2\/users\/1"}],"replies":[{"embeddable":true,"href":"https:\/\/poziksinplea.com\/index.php\/wp-json\/wp\/v2\/comments?post=282"}],"version-history":[{"count":109,"href":"https:\/\/poziksinplea.com\/index.php\/wp-json\/wp\/v2\/pages\/282\/revisions"}],"predecessor-version":[{"id":1424,"href":"https:\/\/poziksinplea.com\/index.php\/wp-json\/wp\/v2\/pages\/282\/revisions\/1424"}],"wp:attachment":[{"href":"https:\/\/poziksinplea.com\/index.php\/wp-json\/wp\/v2\/media?parent=282"}],"curies":[{"name":"wp","href":"https:\/\/api.w.org\/{rel}","templated":true}]}}